{"id":435,"date":"2013-10-17T17:15:09","date_gmt":"2013-10-17T15:15:09","guid":{"rendered":"http:\/\/BoatQuip.woocommerce.cmswe.net\/?page_id=435"},"modified":"2013-10-17T17:15:54","modified_gmt":"2013-10-17T15:15:54","slug":"start-2","status":"publish","type":"page","link":"https:\/\/www.boatquip.se\/en\/","title":{"rendered":"Start"},"content":{"rendered":"<p>English start here<\/p>\n<div class=\"woocommerce columns-4 \"><ul class=\"products columns-4\">\n<li class=\"product type-product post-1704 status-publish first instock product_cat-erbjudanden product_tag-bredd-58-cm product_tag-djup-61-cm product_tag-hojd-60-cm has-post-thumbnail taxable shipping-taxable purchasable product-type-simple\">\n\t<a href=\"https:\/\/www.boatquip.se\/shop\/erbjudanden\/captain-ny-kladsel-custom\/\" class=\"woocommerce-LoopProduct-link woocommerce-loop-product__link\"><img loading=\"lazy\" decoding=\"async\" width=\"180\" height=\"220\" src=\"https:\/\/www.boatquip.se\/wp-content\/uploads\/sites\/40\/2.jpeg-9-180x220.jpg\" class=\"attachment-woocommerce_thumbnail size-woocommerce_thumbnail\" alt=\"Captain - Ny kl\u00e4dsel Custom\" \/><h2 class=\"woocommerce-loop-product__title\">Captain &#8211; Ny kl\u00e4dsel Custom<\/h2>\n\t<span class=\"price\"><span class=\"woocommerce-Price-amount amount\"><bdi>995,00&nbsp;<span class=\"woocommerce-Price-currencySymbol\">&#107;&#114;<\/span><\/bdi><\/span><\/span>\n<\/a><\/li>\n<li class=\"product type-product post-1684 status-publish instock product_cat-erbjudanden product_tag-bredd-58-cm product_tag-djup-61-cm product_tag-hojd-60-cm has-post-thumbnail taxable shipping-taxable purchasable product-type-simple\">\n\t<a href=\"https:\/\/www.boatquip.se\/shop\/erbjudanden\/captain-s-ryds-original-silvertex\/\" class=\"woocommerce-LoopProduct-link woocommerce-loop-product__link\"><img loading=\"lazy\" decoding=\"async\" width=\"180\" height=\"220\" src=\"https:\/\/www.boatquip.se\/wp-content\/uploads\/sites\/40\/20230110_201333-180x220.jpg\" class=\"attachment-woocommerce_thumbnail size-woocommerce_thumbnail\" alt=\"Captain S - Ryds - original - Silvertex\" \/><h2 class=\"woocommerce-loop-product__title\">Captain S &#8211; Ryds &#8211; original &#8211; Silvertex<\/h2>\n\t<span class=\"price\"><span class=\"woocommerce-Price-amount amount\"><bdi>4.995,00&nbsp;<span class=\"woocommerce-Price-currencySymbol\">&#107;&#114;<\/span><\/bdi><\/span><\/span>\n<\/a><\/li>\n<li class=\"product type-product post-1657 status-publish instock product_cat-erbjudanden product_tag-bredd-58-cm product_tag-djup-61-cm product_tag-hojd-60-cm has-post-thumbnail taxable shipping-taxable purchasable product-type-simple\">\n\t<a href=\"https:\/\/www.boatquip.se\/shop\/erbjudanden\/porto-free-med-nackstod-micore-tempotest\/\" class=\"woocommerce-LoopProduct-link woocommerce-loop-product__link\"><img loading=\"lazy\" decoding=\"async\" width=\"180\" height=\"220\" src=\"https:\/\/www.boatquip.se\/wp-content\/uploads\/sites\/40\/Micore-Porto-free-Baksida-180x220.jpg\" class=\"attachment-woocommerce_thumbnail size-woocommerce_thumbnail\" alt=\"Porto free - med nackst\u00f6d - Micore - Tempotest\" srcset=\"https:\/\/www.boatquip.se\/wp-content\/uploads\/sites\/40\/Micore-Porto-free-Baksida-180x220.jpg 180w, https:\/\/www.boatquip.se\/wp-content\/uploads\/sites\/40\/Micore-Porto-free-Baksida-245x300.jpg 245w, https:\/\/www.boatquip.se\/wp-content\/uploads\/sites\/40\/Micore-Porto-free-Baksida-295x362.jpg 295w, https:\/\/www.boatquip.se\/wp-content\/uploads\/sites\/40\/Micore-Porto-free-Baksida.jpg 647w\" sizes=\"auto, (max-width: 180px) 100vw, 180px\" \/><h2 class=\"woocommerce-loop-product__title\">Porto free &#8211; med nackst\u00f6d &#8211; Micore &#8211; Tempotest<\/h2>\n\t<span class=\"price\"><span class=\"woocommerce-Price-amount amount\"><bdi>4.195,00&nbsp;<span class=\"woocommerce-Price-currencySymbol\">&#107;&#114;<\/span><\/bdi><\/span><\/span>\n<\/a><\/li>\n<li class=\"product type-product post-1647 status-publish last instock product_cat-erbjudanden product_tag-bredd-58-cm product_tag-djup-61-cm product_tag-hojd-60-cm has-post-thumbnail taxable shipping-taxable purchasable product-type-simple\">\n\t<a href=\"https:\/\/www.boatquip.se\/shop\/erbjudanden\/captain-hr-nevotex-gra-dubbelsom\/\" class=\"woocommerce-LoopProduct-link woocommerce-loop-product__link\"><img loading=\"lazy\" decoding=\"async\" width=\"180\" height=\"220\" src=\"https:\/\/www.boatquip.se\/wp-content\/uploads\/sites\/40\/HR-Captain-Baksida-180x220.jpg\" class=\"attachment-woocommerce_thumbnail size-woocommerce_thumbnail\" alt=\"Captain - HR Nevotex-gr\u00e5-dubbels\u00f6m\" \/><h2 class=\"woocommerce-loop-product__title\">Captain &#8211; HR Nevotex-gr\u00e5-dubbels\u00f6m<\/h2>\n\t<span class=\"price\"><span class=\"woocommerce-Price-amount amount\"><bdi>4.695,00&nbsp;<span class=\"woocommerce-Price-currencySymbol\">&#107;&#114;<\/span><\/bdi><\/span><\/span>\n<\/a><\/li>\n<li class=\"product type-product post-1570 status-publish first instock product_cat-faro has-post-thumbnail taxable shipping-taxable purchasable product-type-simple\">\n\t<a href=\"https:\/\/www.boatquip.se\/shop\/batstolar\/faro\/faro-svart-silvertex-med-1038-dubbelsomoffwhite\/\" class=\"woocommerce-LoopProduct-link woocommerce-loop-product__link\"><img loading=\"lazy\" decoding=\"async\" width=\"180\" height=\"220\" src=\"https:\/\/www.boatquip.se\/wp-content\/uploads\/sites\/40\/Faro-Svart-Silvertex-med-1038-dubbelsom-Offwhite-180x220.png\" class=\"attachment-woocommerce_thumbnail size-woocommerce_thumbnail\" alt=\"Faro - Svart Silvertex med 1038 dubbels\u00f6m (Offwhite)\" \/><h2 class=\"woocommerce-loop-product__title\">Faro &#8211; Svart Silvertex med 1038 dubbels\u00f6m (Offwhite)<\/h2>\n\t<span class=\"price\"><span class=\"woocommerce-Price-amount amount\"><bdi>5.995,00&nbsp;<span class=\"woocommerce-Price-currencySymbol\">&#107;&#114;<\/span><\/bdi><\/span><\/span>\n<\/a><\/li>\n<li class=\"product type-product post-1559 status-publish instock product_cat-faro has-post-thumbnail taxable shipping-taxable purchasable product-type-simple\">\n\t<a href=\"https:\/\/www.boatquip.se\/shop\/batstolar\/faro\/faro-svart-konstlader-med-1038-dubbelsomoffwhite\/\" class=\"woocommerce-LoopProduct-link woocommerce-loop-product__link\"><img loading=\"lazy\" decoding=\"async\" width=\"180\" height=\"220\" src=\"https:\/\/www.boatquip.se\/wp-content\/uploads\/sites\/40\/Faro-\u2013-Svart-konstlader-med-1038-dubbelsomOffwhite-180x220.png\" class=\"attachment-woocommerce_thumbnail size-woocommerce_thumbnail\" alt=\"Faro - Svart konstl\u00e4der med 1038 dubbels\u00f6m(Offwhite)\" \/><h2 class=\"woocommerce-loop-product__title\">Faro &#8211; Svart konstl\u00e4der med 1038 dubbels\u00f6m(Offwhite)<\/h2>\n\t<span class=\"price\"><span class=\"woocommerce-Price-amount amount\"><bdi>4.995,00&nbsp;<span class=\"woocommerce-Price-currencySymbol\">&#107;&#114;<\/span><\/bdi><\/span><\/span>\n<\/a><\/li>\n<li class=\"product type-product post-1546 status-publish instock product_cat-stolstativ-sv has-post-thumbnail taxable shipping-taxable purchasable product-type-simple\">\n\t<a href=\"https:\/\/www.boatquip.se\/shop\/stolstativ-sv\/norsap-sap1110bl-fast-stolstativ-blank-bas\/\" class=\"woocommerce-LoopProduct-link woocommerce-loop-product__link\"><img loading=\"lazy\" decoding=\"async\" width=\"180\" height=\"220\" src=\"https:\/\/www.boatquip.se\/wp-content\/uploads\/sites\/40\/SAP1110BL-fast-stativ-vit-topp-och-blank-bas-180x220.jpg\" class=\"attachment-woocommerce_thumbnail size-woocommerce_thumbnail\" alt=\"NorSap SAP1110BL Fast Stolstativ Blank Bas\" \/><h2 class=\"woocommerce-loop-product__title\">NorSap SAP1110BL Fast Stolstativ Blank Bas<\/h2>\n\t<span class=\"price\"><span class=\"woocommerce-Price-amount amount\"><bdi>4.490,00&nbsp;<span class=\"woocommerce-Price-currencySymbol\">&#107;&#114;<\/span><\/bdi><\/span><\/span>\n<\/a><\/li>\n<li class=\"product type-product post-1539 status-publish last instock product_cat-stolstativ-sv has-post-thumbnail taxable shipping-taxable purchasable product-type-simple\">\n\t<a href=\"https:\/\/www.boatquip.se\/shop\/stolstativ-sv\/norsap-sap1476bl-gasdampat-blankt-stolstativ\/\" class=\"woocommerce-LoopProduct-link woocommerce-loop-product__link\"><img loading=\"lazy\" decoding=\"async\" width=\"180\" height=\"220\" src=\"https:\/\/www.boatquip.se\/wp-content\/uploads\/sites\/40\/SAP1476BL-gasdampat-stativ-vit-topp-och-blank-bas-180x220.jpg\" class=\"attachment-woocommerce_thumbnail size-woocommerce_thumbnail\" alt=\"NorSap SAP1476BL Gasd\u00e4mpat Blankt Stolstativ\" \/><h2 class=\"woocommerce-loop-product__title\">NorSap SAP1476BL Gasd\u00e4mpat Blankt Stolstativ<\/h2>\n\t<span class=\"price\"><span class=\"woocommerce-Price-amount amount\"><bdi>6.990,00&nbsp;<span class=\"woocommerce-Price-currencySymbol\">&#107;&#114;<\/span><\/bdi><\/span><\/span>\n<\/a><\/li>\n<\/ul>\n<\/div>\n","protected":false},"excerpt":{"rendered":"<p>Stolstativ, gasd\u00e4mpat, roterbart 360 grader, l\u00e5sbart i f\u00f6rarposition, glidskenor ing\u00e5r. Vit topp och blank bas. Basen \u00e4r 300 mm i diameter. Valbara h\u00f6jder: 32,5-42 cm 36-49 cm 44-55 cm 50-75 cm 57,5-80 cm SAP stolstativ \u00e4r marknadsledande och sitter p\u00e5 m\u00e5nga b\u00e5tfabrikat n\u00e4r de levereras fr\u00e5n b\u00e5ttillverkaren. Robusta och saltvattenbest\u00e4ndiga stativ.<\/p>\n","protected":false},"author":4,"featured_media":0,"parent":0,"menu_order":1,"comment_status":"closed","ping_status":"closed","template":"","meta":{"footnotes":""},"class_list":["post-435","page","type-page","status-publish","hentry"],"_links":{"self":[{"href":"https:\/\/www.boatquip.se\/en\/wp-json\/wp\/v2\/pages\/435","targetHints":{"allow":["GET"]}}],"collection":[{"href":"https:\/\/www.boatquip.se\/en\/wp-json\/wp\/v2\/pages"}],"about":[{"href":"https:\/\/www.boatquip.se\/en\/wp-json\/wp\/v2\/types\/page"}],"author":[{"embeddable":true,"href":"https:\/\/www.boatquip.se\/en\/wp-json\/wp\/v2\/users\/4"}],"replies":[{"embeddable":true,"href":"https:\/\/www.boatquip.se\/en\/wp-json\/wp\/v2\/comments?post=435"}],"version-history":[{"count":2,"href":"https:\/\/www.boatquip.se\/en\/wp-json\/wp\/v2\/pages\/435\/revisions"}],"predecessor-version":[{"id":437,"href":"https:\/\/www.boatquip.se\/en\/wp-json\/wp\/v2\/pages\/435\/revisions\/437"}],"wp:attachment":[{"href":"https:\/\/www.boatquip.se\/en\/wp-json\/wp\/v2\/media?parent=435"}],"curies":[{"name":"wp","href":"https:\/\/api.w.org\/{rel}","templated":true}]}}